{"id":9129,"date":"2022-08-30T09:14:00","date_gmt":"2022-08-30T02:14:00","guid":{"rendered":"https:\/\/voicamung.com.vn\/?post_type=product&#038;p=9129"},"modified":"2024-08-10T03:28:10","modified_gmt":"2024-08-09T20:28:10","slug":"hop-dung-giay-ve-sinh-sm-7142b-2","status":"publish","type":"product","link":"https:\/\/sokimi.vn\/?product=hop-dung-giay-ve-sinh-sm-7142b-2","title":{"rendered":"H\u1ed9p \u0111\u1ef1ng gi\u1ea5y v\u1ec7 sinh SM-7142W"},"content":{"rendered":"<p>H\u1ed9p \u0111\u1ef1ng gi\u1ea5y v\u1ec7 sinh \u0111a n\u0103ng SM-7142W<br \/>\n\u0110\u1ef1ng 1 cu\u1ed9n gi\u1ea5y v\u1ec7 sinh 500g =&gt;1000g<br \/>\nK\u00edch th\u01b0\u1edbc: 270x260x120mm<br \/>\nM\u00e0u s\u1eafc: Tr\u1eafng<br \/>\nCh\u1ea5t li\u00eau : Nh\u1ef1a ABS 100%<br \/>\nC\u00f3 kh\u00f3a b\u1ea3o v\u1ec7 an to\u00e0n<br \/>\nB\u1ea3o h\u00e0ng kh\u00f3a : 12 th\u00e1ng<\/p>\n","protected":false},"excerpt":{"rendered":"<p>H\u1ed9p \u0111\u1ef1ng gi\u1ea5y v\u1ec7 sinh \u0111a n\u0103ng SM-7142W<br \/>\n\u0110\u1ef1ng 1 cu\u1ed9n gi\u1ea5y v\u1ec7 sinh 500g =&gt;1000g<br \/>\nK\u00edch th\u01b0\u1edbc: 270x260x120mm<br \/>\nM\u00e0u s\u1eafc: Tr\u1eafng<br \/>\nCh\u1ea5t li\u00eau : Nh\u1ef1a ABS 100%<br \/>\nC\u00f3 kh\u00f3a b\u1ea3o v\u1ec7 an to\u00e0n<\/p>\n","protected":false},"featured_media":8800,"comment_status":"open","ping_status":"closed","template":"","meta":{"om_disable_all_campaigns":false,"_monsterinsights_skip_tracking":false,"_monsterinsights_sitenote_active":false,"_monsterinsights_sitenote_note":"","_monsterinsights_sitenote_category":0},"product_cat":[71],"product_tag":[],"_links":{"self":[{"href":"https:\/\/sokimi.vn\/index.php?rest_route=\/wp\/v2\/product\/9129"}],"collection":[{"href":"https:\/\/sokimi.vn\/index.php?rest_route=\/wp\/v2\/product"}],"about":[{"href":"https:\/\/sokimi.vn\/index.php?rest_route=\/wp\/v2\/types\/product"}],"replies":[{"embeddable":true,"href":"https:\/\/sokimi.vn\/index.php?rest_route=%2Fwp%2Fv2%2Fcomments&post=9129"}],"version-history":[{"count":4,"href":"https:\/\/sokimi.vn\/index.php?rest_route=\/wp\/v2\/product\/9129\/revisions"}],"predecessor-version":[{"id":9408,"href":"https:\/\/sokimi.vn\/index.php?rest_route=\/wp\/v2\/product\/9129\/revisions\/9408"}],"wp:featuredmedia":[{"embeddable":true,"href":"https:\/\/sokimi.vn\/index.php?rest_route=\/wp\/v2\/media\/8800"}],"wp:attachment":[{"href":"https:\/\/sokimi.vn\/index.php?rest_route=%2Fwp%2Fv2%2Fmedia&parent=9129"}],"wp:term":[{"taxonomy":"product_cat","embeddable":true,"href":"https:\/\/sokimi.vn\/index.php?rest_route=%2Fwp%2Fv2%2Fproduct_cat&post=9129"},{"taxonomy":"product_tag","embeddable":true,"href":"https:\/\/sokimi.vn\/index.php?rest_route=%2Fwp%2Fv2%2Fproduct_tag&post=9129"}],"curies":[{"name":"wp","href":"https:\/\/api.w.org\/{rel}","templated":true}]}}