{"id":9301,"date":"2023-07-02T08:17:43","date_gmt":"2023-07-02T01:17:43","guid":{"rendered":"https:\/\/voicamung.com.vn\/?post_type=product&#038;p=9301"},"modified":"2025-07-25T11:39:36","modified_gmt":"2025-07-25T04:39:36","slug":"hop-dung-giay-lau-tay-sm-7143b","status":"publish","type":"product","link":"https:\/\/sokimi.vn\/?product=hop-dung-giay-lau-tay-sm-7143b","title":{"rendered":"H\u1ed9p \u0111\u1ef1ng gi\u1ea5y lau tay SM-7143B"},"content":{"rendered":"<p>\u0110\u1ef1ng 1=&gt;3 s\u1eafp gi\u1ea5y v\u1ec7 sinh lau tay<br \/>\nK\u00edch th\u01b0\u1edbc: 200x250x100mm<br \/>\nM\u00e0u s\u1eafc: Xanh trong<br \/>\nCh\u1ea5t li\u00eau : Nh\u1ef1a ABS 100%<br \/>\nC\u00f3 kh\u00f3a b\u1ea3o v\u1ec7 an to\u00e0n<br \/>\nB\u1ea3o h\u00e0ng kh\u00f3a : 12 th\u00e1ng<\/p>\n","protected":false},"excerpt":{"rendered":"<p>\u0110\u1ef1ng 1=&gt;3 s\u1eafp gi\u1ea5y v\u1ec7 sinh lau tay<br \/>\nK\u00edch th\u01b0\u1edbc: 200x250x100mm<br \/>\nM\u00e0u s\u1eafc: Xanh trong<br \/>\nCh\u1ea5t li\u00eau : Nh\u1ef1a ABS 100%<br \/>\nC\u00f3 kh\u00f3a b\u1ea3o v\u1ec7 an to\u00e0n<br \/>\nB\u1ea3o h\u00e0ng kh\u00f3a : 12 th\u00e1ng<\/p>\n","protected":false},"featured_media":8766,"comment_status":"open","ping_status":"closed","template":"","meta":{"om_disable_all_campaigns":false,"_monsterinsights_skip_tracking":false,"_monsterinsights_sitenote_active":false,"_monsterinsights_sitenote_note":"","_monsterinsights_sitenote_category":0},"product_cat":[71],"product_tag":[],"_links":{"self":[{"href":"https:\/\/sokimi.vn\/index.php?rest_route=\/wp\/v2\/product\/9301"}],"collection":[{"href":"https:\/\/sokimi.vn\/index.php?rest_route=\/wp\/v2\/product"}],"about":[{"href":"https:\/\/sokimi.vn\/index.php?rest_route=\/wp\/v2\/types\/product"}],"replies":[{"embeddable":true,"href":"https:\/\/sokimi.vn\/index.php?rest_route=%2Fwp%2Fv2%2Fcomments&post=9301"}],"version-history":[{"count":1,"href":"https:\/\/sokimi.vn\/index.php?rest_route=\/wp\/v2\/product\/9301\/revisions"}],"predecessor-version":[{"id":9302,"href":"https:\/\/sokimi.vn\/index.php?rest_route=\/wp\/v2\/product\/9301\/revisions\/9302"}],"wp:featuredmedia":[{"embeddable":true,"href":"https:\/\/sokimi.vn\/index.php?rest_route=\/wp\/v2\/media\/8766"}],"wp:attachment":[{"href":"https:\/\/sokimi.vn\/index.php?rest_route=%2Fwp%2Fv2%2Fmedia&parent=9301"}],"wp:term":[{"taxonomy":"product_cat","embeddable":true,"href":"https:\/\/sokimi.vn\/index.php?rest_route=%2Fwp%2Fv2%2Fproduct_cat&post=9301"},{"taxonomy":"product_tag","embeddable":true,"href":"https:\/\/sokimi.vn\/index.php?rest_route=%2Fwp%2Fv2%2Fproduct_tag&post=9301"}],"curies":[{"name":"wp","href":"https:\/\/api.w.org\/{rel}","templated":true}]}}