{"id":9320,"date":"2023-07-02T08:48:38","date_gmt":"2023-07-02T08:48:38","guid":{"rendered":"https:\/\/voicamung.com.vn\/?post_type=product&#038;p=9320"},"modified":"2023-07-02T08:48:38","modified_gmt":"2023-07-02T08:48:38","slug":"van-giam-ap-t-bang-thep-khong-gi","status":"publish","type":"product","link":"https:\/\/sokimi.vn\/?product=van-giam-ap-t-bang-thep-khong-gi","title":{"rendered":"Van gi\u1ea3m \u00e1p T b\u1eb1ng th\u00e9p kh\u00f4ng g\u1ec9"},"content":{"rendered":"<p>K\u00edch th\u01b0\u1edbc: 87&#215;20 mm<br \/>\n\u0110\u1ea7u r\u0103ng ngo\u00e0i ti\u00eau chu\u1ea9n phi 21<br \/>\nCh\u1ea5t li\u1ec7u: inox 304<br \/>\nB\u1ea3o h\u00e0nh: 12 th\u00e1ng<\/p>\n","protected":false},"excerpt":{"rendered":"<p>K\u00edch th\u01b0\u1edbc: 87&#215;20 mm<br \/>\n\u0110\u1ea7u r\u0103ng ngo\u00e0i ti\u00eau chu\u1ea9n phi 21<br \/>\nCh\u1ea5t li\u1ec7u: inox 304<br \/>\nB\u1ea3o h\u00e0nh: 12 th\u00e1ng<\/p>\n","protected":false},"featured_media":8798,"comment_status":"open","ping_status":"closed","template":"","meta":{"om_disable_all_campaigns":false,"_monsterinsights_skip_tracking":false,"_monsterinsights_sitenote_active":false,"_monsterinsights_sitenote_note":"","_monsterinsights_sitenote_category":0},"product_cat":[72],"product_tag":[],"_links":{"self":[{"href":"https:\/\/sokimi.vn\/index.php?rest_route=\/wp\/v2\/product\/9320"}],"collection":[{"href":"https:\/\/sokimi.vn\/index.php?rest_route=\/wp\/v2\/product"}],"about":[{"href":"https:\/\/sokimi.vn\/index.php?rest_route=\/wp\/v2\/types\/product"}],"replies":[{"embeddable":true,"href":"https:\/\/sokimi.vn\/index.php?rest_route=%2Fwp%2Fv2%2Fcomments&post=9320"}],"version-history":[{"count":1,"href":"https:\/\/sokimi.vn\/index.php?rest_route=\/wp\/v2\/product\/9320\/revisions"}],"predecessor-version":[{"id":9321,"href":"https:\/\/sokimi.vn\/index.php?rest_route=\/wp\/v2\/product\/9320\/revisions\/9321"}],"wp:featuredmedia":[{"embeddable":true,"href":"https:\/\/sokimi.vn\/index.php?rest_route=\/wp\/v2\/media\/8798"}],"wp:attachment":[{"href":"https:\/\/sokimi.vn\/index.php?rest_route=%2Fwp%2Fv2%2Fmedia&parent=9320"}],"wp:term":[{"taxonomy":"product_cat","embeddable":true,"href":"https:\/\/sokimi.vn\/index.php?rest_route=%2Fwp%2Fv2%2Fproduct_cat&post=9320"},{"taxonomy":"product_tag","embeddable":true,"href":"https:\/\/sokimi.vn\/index.php?rest_route=%2Fwp%2Fv2%2Fproduct_tag&post=9320"}],"curies":[{"name":"wp","href":"https:\/\/api.w.org\/{rel}","templated":true}]}}